{"id":12965,"date":"2018-12-31T16:01:13","date_gmt":"2018-12-31T15:01:13","guid":{"rendered":"https:\/\/www.xuexi-xibanyayu.com\/?page_id=12965"},"modified":"2023-11-30T13:34:46","modified_gmt":"2023-11-30T12:34:46","slug":"contact-us-zh","status":"publish","type":"page","link":"https:\/\/www.xuexi-xibanyayu.com\/zh-hans\/contact-us-zh","title":{"rendered":"\u8054\u7cfb\u6211\u4eec"},"content":{"rendered":"\t\t<div data-elementor-type=\"wp-post\" data-elementor-id=\"12965\" class=\"elementor elementor-12965 elementor-3764\">\n\t\t\t\t\t\t\t\t\t<section class=\"elementor-section elementor-top-section elementor-element elementor-element-td6duo5 elementor-section-boxed elementor-section-height-default elementor-section-height-default\" data-id=\"td6duo5\" data-element_type=\"section\">\n\t\t\t\t\t\t<div class=\"elementor-container elementor-column-gap-default\">\n\t\t\t\t\t<div class=\"elementor-column elementor-col-33 elementor-top-column elementor-element elementor-element-akr41lz\" data-id=\"akr41lz\" data-element_type=\"column\" data-settings=\"{&quot;background_background&quot;:&quot;classic&quot;}\">\n\t\t\t<div class=\"elementor-widget-wrap elementor-element-populated\">\n\t\t\t\t\t\t\t\t<div class=\"elementor-element elementor-element-g1agfqf elementor-position-left elementor-vertical-align-middle elementor-view-framed elementor-shape-circle elementor-mobile-position-top elementor-widget elementor-widget-icon-box\" data-id=\"g1agfqf\" data-element_type=\"widget\" data-widget_type=\"icon-box.default\">\n\t\t\t\t<div class=\"elementor-widget-container\">\n\t\t\t\t\t<div class=\"elementor-icon-box-wrapper\">\n\t\t\t\t\t\t<div class=\"elementor-icon-box-icon\">\n\t\t\t\t<span class=\"elementor-icon elementor-animation-\" >\n\t\t\t\t<i class=\"fa fa-send-o\" aria-hidden=\"true\"><\/i>\t\t\t\t<\/span>\n\t\t\t<\/div>\n\t\t\t\t\t\t<div class=\"elementor-icon-box-content\">\n\t\t\t\t<h2 class=\"elementor-icon-box-title\">\n\t\t\t\t\t<span  >\n\t\t\t\t\t\t\u5730\u5740\t\t\t\t\t<\/span>\n\t\t\t\t<\/h2>\n\t\t\t\t\t\t\t\t\t<p class=\"elementor-icon-box-description\">\n\t\t\t\t\t\tCarrer Sant Vicen\u00e7, Urbanizaci\u00f3n El Mas Gordi<br><br>08185 Lli\u00e7a de Vall<br>Barcelona <br>Espa\u00f1a\t\t\t\t\t<\/p>\n\t\t\t\t\t\t\t<\/div>\n\t\t<\/div>\n\t\t\t\t<\/div>\n\t\t\t\t<\/div>\n\t\t\t\t<div class=\"elementor-element elementor-element-eae434c elementor-position-left elementor-vertical-align-middle elementor-view-framed elementor-shape-circle elementor-mobile-position-top elementor-widget elementor-widget-icon-box\" data-id=\"eae434c\" data-element_type=\"widget\" data-widget_type=\"icon-box.default\">\n\t\t\t\t<div class=\"elementor-widget-container\">\n\t\t\t\t\t<div class=\"elementor-icon-box-wrapper\">\n\t\t\t\t\t\t<div class=\"elementor-icon-box-icon\">\n\t\t\t\t<a class=\"elementor-icon elementor-animation-\" href=\"mailto:hola@xuexi-xibanyayu.com\" target=\"_blank\">\n\t\t\t\t<i aria-hidden=\"true\" class=\"far fa-envelope\"><\/i>\t\t\t\t<\/a>\n\t\t\t<\/div>\n\t\t\t\t\t\t<div class=\"elementor-icon-box-content\">\n\t\t\t\t<h2 class=\"elementor-icon-box-title\">\n\t\t\t\t\t<a href=\"mailto:hola@xuexi-xibanyayu.com\" target=\"_blank\" >\n\t\t\t\t\t\t\u7535\u5b50\u90ae\u4ef6\t\t\t\t\t<\/a>\n\t\t\t\t<\/h2>\n\t\t\t\t\t\t\t\t\t<p class=\"elementor-icon-box-description\">\n\t\t\t\t\t\t<a href=\"mailto:hola@xuexi-xibanyayu.com\">hola@xuexi-xibanyayu.com<\/a>\t\t\t\t\t<\/p>\n\t\t\t\t\t\t\t<\/div>\n\t\t<\/div>\n\t\t\t\t<\/div>\n\t\t\t\t<\/div>\n\t\t\t\t<div class=\"elementor-element elementor-element-48ed8e9 elementor-position-left elementor-vertical-align-middle elementor-view-framed elementor-shape-circle elementor-mobile-position-top elementor-widget elementor-widget-icon-box\" data-id=\"48ed8e9\" data-element_type=\"widget\" data-widget_type=\"icon-box.default\">\n\t\t\t\t<div class=\"elementor-widget-container\">\n\t\t\t\t\t<div class=\"elementor-icon-box-wrapper\">\n\t\t\t\t\t\t<div class=\"elementor-icon-box-icon\">\n\t\t\t\t<a class=\"elementor-icon elementor-animation-\" href=\"tel:+34672263645\">\n\t\t\t\t<i aria-hidden=\"true\" class=\"fas fa-phone\"><\/i>\t\t\t\t<\/a>\n\t\t\t<\/div>\n\t\t\t\t\t\t<div class=\"elementor-icon-box-content\">\n\t\t\t\t<h2 class=\"elementor-icon-box-title\">\n\t\t\t\t\t<a href=\"tel:+34672263645\" >\n\t\t\t\t\t\t\u7535\u8bdd\u53f7\u7801\t\t\t\t\t<\/a>\n\t\t\t\t<\/h2>\n\t\t\t\t\t\t\t\t\t<p class=\"elementor-icon-box-description\">\n\t\t\t\t\t\t<a href=\"tel:+34672263645\">+34 672 26 36 45<\/a>\t\t\t\t\t<\/p>\n\t\t\t\t\t\t\t<\/div>\n\t\t<\/div>\n\t\t\t\t<\/div>\n\t\t\t\t<\/div>\n\t\t\t\t\t<\/div>\n\t\t<\/div>\n\t\t\t\t<div class=\"elementor-column elementor-col-66 elementor-top-column elementor-element elementor-element-7e6brlj\" data-id=\"7e6brlj\" data-element_type=\"column\">\n\t\t\t<div class=\"elementor-widget-wrap elementor-element-populated\">\n\t\t\t\t\t\t\t\t<div class=\"elementor-element elementor-element-ca4mb0v elementor-widget elementor-widget-heading\" data-id=\"ca4mb0v\" data-element_type=\"widget\" data-widget_type=\"heading.default\">\n\t\t\t\t<div class=\"elementor-widget-container\">\n\t\t\t<h2 class=\"elementor-heading-title elementor-size-default\">\u9700\u8981\u5173\u4e8e\u67d0\u4e00\u8bfe\u7a0b\u7684\u66f4\u591a\u4fe1\u606f\u5417\uff1f<\/h2>\t\t<\/div>\n\t\t\t\t<\/div>\n\t\t\t\t<div class=\"elementor-element elementor-element-o7tv5t5 elementor-widget elementor-widget-text-editor\" data-id=\"o7tv5t5\" data-element_type=\"widget\" data-widget_type=\"text-editor.default\">\n\t\t\t\t<div class=\"elementor-widget-container\">\n\t\t\t\t\t\t\t<p><span style=\"font-weight: 400;\">\u586b\u5199\u4ee5\u4e0b\u8868\u683c<\/span><\/p>\t\t\t\t\t\t<\/div>\n\t\t\t\t<\/div>\n\t\t\t\t<div class=\"elementor-element elementor-element-dd261dc elementor-button-align-start elementor-widget elementor-widget-form\" data-id=\"dd261dc\" data-element_type=\"widget\" data-settings=\"{&quot;step_next_label&quot;:&quot;Siguiente&quot;,&quot;step_previous_label&quot;:&quot;Anterior&quot;,&quot;step_type&quot;:&quot;progress_bar&quot;,&quot;button_width&quot;:&quot;100&quot;}\" data-widget_type=\"form.default\">\n\t\t\t\t<div class=\"elementor-widget-container\">\n\t\t\t\t\t<form class=\"elementor-form\" method=\"post\" id=\"contact-form\" name=\"Contact Form\">\n\t\t\t<input type=\"hidden\" name=\"post_id\" value=\"12965\"\/>\n\t\t\t<input type=\"hidden\" name=\"form_id\" value=\"dd261dc\"\/>\n\t\t\t<input type=\"hidden\" name=\"referer_title\" value=\"Xuexi Xibanyayu\" \/>\n\n\t\t\t\n\t\t\t<div class=\"elementor-form-fields-wrapper elementor-labels-above\">\n\t\t\t\t\t\t\t\t<div class=\"elementor-field-type-text elementor-field-group elementor-column elementor-field-group-lastname elementor-col-50 elementor-field-required elementor-mark-required\">\n\t\t\t\t\t\t\t\t\t\t\t\t<label for=\"form-field-lastname\" class=\"elementor-field-label\">\n\t\t\t\t\t\t\t\t\u59d3\t\t\t\t\t\t\t<\/label>\n\t\t\t\t\t\t\t\t\t\t\t\t\t\t<input size=\"1\" type=\"text\" name=\"form_fields[lastname]\" id=\"form-field-lastname\" class=\"elementor-field elementor-size-md  elementor-field-textual\" placeholder=\"\u6211\u59d3\u3002\u3002\u3002\" required=\"required\" aria-required=\"true\">\n\t\t\t\t\t\t\t\t\t\t\t<\/div>\n\t\t\t\t\t\t\t\t<div class=\"elementor-field-type-text elementor-field-group elementor-column elementor-field-group-name elementor-col-50 elementor-field-required elementor-mark-required\">\n\t\t\t\t\t\t\t\t\t\t\t\t<label for=\"form-field-name\" class=\"elementor-field-label\">\n\t\t\t\t\t\t\t\t\u540d\u5b57\t\t\t\t\t\t\t<\/label>\n\t\t\t\t\t\t\t\t\t\t\t\t\t\t<input size=\"1\" type=\"text\" name=\"form_fields[name]\" id=\"form-field-name\" class=\"elementor-field elementor-size-md  elementor-field-textual\" placeholder=\"\u6211\u53eb\u3002\u3002\u3002\" required=\"required\" aria-required=\"true\">\n\t\t\t\t\t\t\t\t\t\t\t<\/div>\n\t\t\t\t\t\t\t\t<div class=\"elementor-field-type-email elementor-field-group elementor-column elementor-field-group-email elementor-col-60 elementor-field-required elementor-mark-required\">\n\t\t\t\t\t\t\t\t\t\t\t\t<label for=\"form-field-email\" class=\"elementor-field-label\">\n\t\t\t\t\t\t\t\t\u7535\u5b50\u90ae\u4ef6\t\t\t\t\t\t\t<\/label>\n\t\t\t\t\t\t\t\t\t\t\t\t\t\t<input size=\"1\" type=\"email\" name=\"form_fields[email]\" id=\"form-field-email\" class=\"elementor-field elementor-size-md  elementor-field-textual\" placeholder=\"\u7535\u5b50\u90ae\u4ef6\" required=\"required\" aria-required=\"true\">\n\t\t\t\t\t\t\t\t\t\t\t<\/div>\n\t\t\t\t\t\t\t\t<div class=\"elementor-field-type-tel elementor-field-group elementor-column elementor-field-group-phone elementor-col-40\">\n\t\t\t\t\t\t\t\t\t\t\t\t<label for=\"form-field-phone\" class=\"elementor-field-label\">\n\t\t\t\t\t\t\t\t\u7535\u8bdd\u53f7\u7801\t\t\t\t\t\t\t<\/label>\n\t\t\t\t\t\t\t\t<input size=\"1\" type=\"tel\" name=\"form_fields[phone]\" id=\"form-field-phone\" class=\"elementor-field elementor-size-md  elementor-field-textual\" placeholder=\"\u7535\u8bdd\u53f7\u7801\" pattern=\"[0-9()#&amp;+*-=.]+\" title=\"Only numbers and phone characters (#, -, *, etc) are accepted.\">\n\n\t\t\t\t\t\t<\/div>\n\t\t\t\t\t\t\t\t<div class=\"elementor-field-type-select elementor-field-group elementor-column elementor-field-group-level elementor-col-100 elementor-field-required elementor-mark-required\">\n\t\t\t\t\t\t\t\t\t\t\t\t<label for=\"form-field-level\" class=\"elementor-field-label\">\n\t\t\t\t\t\t\t\t\u897f\u73ed\u7259\u8bed\u6c34\u5e73\t\t\t\t\t\t\t<\/label>\n\t\t\t\t\t\t\t\t<div class=\"elementor-field elementor-select-wrapper \">\n\t\t\t<select name=\"form_fields[level]\" id=\"form-field-level\" class=\"elementor-field-textual elementor-size-md\" required=\"required\" aria-required=\"true\">\n\t\t\t\t\t\t\t\t\t<option value=\"A1\" selected=\"selected\">A1<\/option>\n\t\t\t\t\t\t\t\t\t<option value=\"A2\">A2<\/option>\n\t\t\t\t\t\t\t\t\t<option value=\"B1\">B1<\/option>\n\t\t\t\t\t\t\t\t\t<option value=\"B2\">B2<\/option>\n\t\t\t\t\t\t\t\t\t<option value=\"C1\">C1<\/option>\n\t\t\t\t\t\t\t\t\t<option value=\"C2\">C2<\/option>\n\t\t\t\t\t\t\t<\/select>\n\t\t<\/div>\n\t\t\t\t\t\t<\/div>\n\t\t\t\t\t\t\t\t<div class=\"elementor-field-type-textarea elementor-field-group elementor-column elementor-field-group-message elementor-col-100 elementor-field-required elementor-mark-required\">\n\t\t\t\t\t\t\t\t\t\t\t\t<label for=\"form-field-message\" class=\"elementor-field-label\">\n\t\t\t\t\t\t\t\t\u8bc4\u8bba\u6216\u4fe1\u606f\t\t\t\t\t\t\t<\/label>\n\t\t\t\t\t\t<textarea class=\"elementor-field-textual elementor-field  elementor-size-md\" name=\"form_fields[message]\" id=\"form-field-message\" rows=\"5\" placeholder=\"\u8bc4\u8bba\u6216\u4fe1\u606f\" required=\"required\" aria-required=\"true\"><\/textarea>\t\t\t\t<\/div>\n\t\t\t\t\t\t\t\t<div class=\"elementor-field-type-recaptcha_v3 elementor-field-group elementor-column elementor-field-group-field_33ff11a elementor-col-100 recaptcha_v3-inline\">\n\t\t\t\t\t<div class=\"elementor-field\" id=\"form-field-field_33ff11a\"><div class=\"elementor-g-recaptcha\" data-sitekey=\"6Ld7dfoUAAAAAMT8csPnxGgQRymcf3ArxDnYj1cC\" data-type=\"v3\" data-action=\"Form\" data-badge=\"inline\" data-size=\"invisible\"><\/div><\/div>\t\t\t\t<\/div>\n\t\t\t\t\t\t\t\t<div class=\"elementor-field-group elementor-column elementor-field-type-submit elementor-col-100 e-form__buttons\">\n\t\t\t\t\t<button type=\"submit\" class=\"elementor-button elementor-size-sm\" id=\"contact-form-send\">\n\t\t\t\t\t\t<span >\n\t\t\t\t\t\t\t\t\t\t\t\t\t\t\t<span class=\"elementor-align-icon-left elementor-button-icon\">\n\t\t\t\t\t\t\t\t\t<i aria-hidden=\"true\" class=\"fab fa-wpforms\"><\/i>\t\t\t\t\t\t\t\t\t\t\t\t\t\t\t\t\t<\/span>\n\t\t\t\t\t\t\t\t\t\t\t\t\t\t\t\t\t\t\t\t\t\t<span class=\"elementor-button-text\">\u63d0\u4ea4<\/span>\n\t\t\t\t\t\t\t\t\t\t\t\t\t<\/span>\n\t\t\t\t\t<\/button>\n\t\t\t\t<\/div>\n\t\t\t<\/div>\n\t\t<\/form>\n\t\t\t\t<\/div>\n\t\t\t\t<\/div>\n\t\t\t\t\t<\/div>\n\t\t<\/div>\n\t\t\t\t\t\t\t<\/div>\n\t\t<\/section>\n\t\t\t\t<section class=\"elementor-section elementor-top-section elementor-element elementor-element-kxrkwze elementor-section-stretched elementor-section-full_width elementor-section-height-default elementor-section-height-default\" data-id=\"kxrkwze\" data-element_type=\"section\" data-settings=\"{&quot;stretch_section&quot;:&quot;section-stretched&quot;}\">\n\t\t\t\t\t\t<div class=\"elementor-container elementor-column-gap-default\">\n\t\t\t\t\t<div class=\"elementor-column elementor-col-100 elementor-top-column elementor-element elementor-element-twk0tbb\" data-id=\"twk0tbb\" data-element_type=\"column\">\n\t\t\t<div class=\"elementor-widget-wrap elementor-element-populated\">\n\t\t\t\t\t\t\t\t<div class=\"elementor-element elementor-element-cdsn5gs elementor-widget elementor-widget-google_maps\" data-id=\"cdsn5gs\" data-element_type=\"widget\" data-widget_type=\"google_maps.default\">\n\t\t\t\t<div class=\"elementor-widget-container\">\n\t\t\t\t\t<div class=\"elementor-custom-embed\">\n\t\t\t<iframe frameborder=\"0\" scrolling=\"no\" marginheight=\"0\" marginwidth=\"0\"\n\t\t\t\t\tsrc=\"https:\/\/maps.google.com\/maps?q=Carrer%20Sant%20Vicen%C3%A7%2C%2025%2C%20urbanizaci%C3%B3n%20El%20Mas%20Gordi&#038;t=m&#038;z=14&#038;output=embed&#038;iwloc=near\"\n\t\t\t\t\ttitle=\"Carrer Sant Vicen\u00e7, 25, urbanizaci\u00f3n El Mas Gordi\"\n\t\t\t\t\taria-label=\"Carrer Sant Vicen\u00e7, 25, urbanizaci\u00f3n El Mas Gordi\"\n\t\t\t><\/iframe>\n\t\t<\/div>\n\t\t\t\t<\/div>\n\t\t\t\t<\/div>\n\t\t\t\t\t<\/div>\n\t\t<\/div>\n\t\t\t\t\t\t\t<\/div>\n\t\t<\/section>\n\t\t\t\t\t\t\t<\/div>\n\t\t","protected":false},"excerpt":{"rendered":"<p>\u5730\u5740 Carrer Sant Vicen\u00e7, Urbanizaci\u00f3n El Mas Gordi 08185  &hellip;<\/p>\n<p class=\"read-more\"> <a class=\"\" href=\"https:\/\/www.xuexi-xibanyayu.com\/zh-hans\/contact-us-zh\"> <span class=\"screen-reader-text\">\u8054\u7cfb\u6211\u4eec<\/span> \u67e5\u770b\u5168\u6587 &raquo;<\/a><\/p>\n","protected":false},"author":1,"featured_media":0,"parent":0,"menu_order":0,"comment_status":"closed","ping_status":"closed","template":"elementor_header_footer","meta":{"site-sidebar-layout":"default","site-content-layout":"default","ast-global-header-display":"","ast-main-header-display":"","ast-hfb-above-header-display":"","ast-hfb-below-header-display":"","ast-hfb-mobile-header-display":"","site-post-title":"","ast-breadcrumbs-content":"","ast-featured-img":"","footer-sml-layout":"","theme-transparent-header-meta":"default","adv-header-id-meta":"","stick-header-meta":"default","header-above-stick-meta":"","header-main-stick-meta":"","header-below-stick-meta":"","footnotes":""},"yoast_head":"<!-- This site is optimized with the Yoast SEO plugin v19.0 - https:\/\/yoast.com\/wordpress\/plugins\/seo\/ -->\n<title>\u8054\u7cfb\u6211\u4eec - Xuexi Xibanyayu<\/title>\n<meta name=\"robots\" content=\"index, follow, max-snippet:-1, max-image-preview:large, max-video-preview:-1\" \/>\n<link rel=\"canonical\" href=\"https:\/\/www.xuexi-xibanyayu.com\/zh-hans\/contact-us-zh\" \/>\n<meta property=\"og:locale\" content=\"zh_CN\" \/>\n<meta property=\"og:type\" content=\"article\" \/>\n<meta property=\"og:title\" content=\"\u8054\u7cfb\u6211\u4eec - Xuexi Xibanyayu\" \/>\n<meta property=\"og:description\" content=\"\u5730\u5740 Carrer Sant Vicen\u00e7, Urbanizaci\u00f3n El Mas Gordi 08185 &hellip; \u8054\u7cfb\u6211\u4eec \u67e5\u770b\u5168\u6587 &raquo;\" \/>\n<meta property=\"og:url\" content=\"https:\/\/www.xuexi-xibanyayu.com\/zh-hans\/contact-us-zh\" \/>\n<meta property=\"og:site_name\" content=\"Xuexi Xibanyayu\" \/>\n<meta property=\"article:modified_time\" content=\"2023-11-30T12:34:46+00:00\" \/>\n<meta name=\"twitter:card\" content=\"summary_large_image\" \/>\n<meta name=\"twitter:label1\" content=\"\u9884\u8ba1\u9605\u8bfb\u65f6\u95f4\" \/>\n\t<meta name=\"twitter:data1\" content=\"1 \u5206\" \/>\n<script type=\"application\/ld+json\" class=\"yoast-schema-graph\">{\"@context\":\"https:\/\/schema.org\",\"@graph\":[{\"@type\":\"Organization\",\"@id\":\"https:\/\/www.xuexi-xibanyayu.com\/es\/#organization\",\"name\":\"Xuexi Xibanyayu\",\"url\":\"https:\/\/www.xuexi-xibanyayu.com\/es\/\",\"sameAs\":[\"https:\/\/www.instagram.com\/xuexixibanyayu\/\"],\"logo\":{\"@type\":\"ImageObject\",\"inLanguage\":\"zh-Hans\",\"@id\":\"https:\/\/www.xuexi-xibanyayu.com\/es\/#\/schema\/logo\/image\/\",\"url\":\"https:\/\/www.xuexi-xibanyayu.com\/wp-content\/uploads\/2019\/02\/xuexi-xibanyayu-logo-300x76.png\",\"contentUrl\":\"https:\/\/www.xuexi-xibanyayu.com\/wp-content\/uploads\/2019\/02\/xuexi-xibanyayu-logo-300x76.png\",\"width\":300,\"height\":76,\"caption\":\"Xuexi Xibanyayu\"},\"image\":{\"@id\":\"https:\/\/www.xuexi-xibanyayu.com\/es\/#\/schema\/logo\/image\/\"}},{\"@type\":\"WebSite\",\"@id\":\"https:\/\/www.xuexi-xibanyayu.com\/es\/#website\",\"url\":\"https:\/\/www.xuexi-xibanyayu.com\/es\/\",\"name\":\"Xuexi Xibanyayu\",\"description\":\"Xuexi Xibanyayu - \u5b66\u4e60\u897f\u73ed\u7259\u8bed\",\"publisher\":{\"@id\":\"https:\/\/www.xuexi-xibanyayu.com\/es\/#organization\"},\"potentialAction\":[{\"@type\":\"SearchAction\",\"target\":{\"@type\":\"EntryPoint\",\"urlTemplate\":\"https:\/\/www.xuexi-xibanyayu.com\/es\/?s={search_term_string}\"},\"query-input\":\"required name=search_term_string\"}],\"inLanguage\":\"zh-Hans\"},{\"@type\":\"WebPage\",\"@id\":\"https:\/\/www.xuexi-xibanyayu.com\/zh-hans\/contact-us-zh#webpage\",\"url\":\"https:\/\/www.xuexi-xibanyayu.com\/zh-hans\/contact-us-zh\",\"name\":\"\u8054\u7cfb\u6211\u4eec - Xuexi Xibanyayu\",\"isPartOf\":{\"@id\":\"https:\/\/www.xuexi-xibanyayu.com\/es\/#website\"},\"datePublished\":\"2018-12-31T15:01:13+00:00\",\"dateModified\":\"2023-11-30T12:34:46+00:00\",\"breadcrumb\":{\"@id\":\"https:\/\/www.xuexi-xibanyayu.com\/zh-hans\/contact-us-zh#breadcrumb\"},\"inLanguage\":\"zh-Hans\",\"potentialAction\":[{\"@type\":\"ReadAction\",\"target\":[\"https:\/\/www.xuexi-xibanyayu.com\/zh-hans\/contact-us-zh\"]}]},{\"@type\":\"BreadcrumbList\",\"@id\":\"https:\/\/www.xuexi-xibanyayu.com\/zh-hans\/contact-us-zh#breadcrumb\",\"itemListElement\":[{\"@type\":\"ListItem\",\"position\":1,\"name\":\"Portada\",\"item\":\"https:\/\/www.xuexi-xibanyayu.com\/zh-hans\"},{\"@type\":\"ListItem\",\"position\":2,\"name\":\"\u8054\u7cfb\u6211\u4eec\"}]}]}<\/script>\n<!-- \/ Yoast SEO plugin. -->","yoast_head_json":{"title":"\u8054\u7cfb\u6211\u4eec - Xuexi Xibanyayu","robots":{"index":"index","follow":"follow","max-snippet":"max-snippet:-1","max-image-preview":"max-image-preview:large","max-video-preview":"max-video-preview:-1"},"canonical":"https:\/\/www.xuexi-xibanyayu.com\/zh-hans\/contact-us-zh","og_locale":"zh_CN","og_type":"article","og_title":"\u8054\u7cfb\u6211\u4eec - Xuexi Xibanyayu","og_description":"\u5730\u5740 Carrer Sant Vicen\u00e7, Urbanizaci\u00f3n El Mas Gordi 08185 &hellip; \u8054\u7cfb\u6211\u4eec \u67e5\u770b\u5168\u6587 &raquo;","og_url":"https:\/\/www.xuexi-xibanyayu.com\/zh-hans\/contact-us-zh","og_site_name":"Xuexi Xibanyayu","article_modified_time":"2023-11-30T12:34:46+00:00","twitter_card":"summary_large_image","twitter_misc":{"\u9884\u8ba1\u9605\u8bfb\u65f6\u95f4":"1 \u5206"},"schema":{"@context":"https:\/\/schema.org","@graph":[{"@type":"Organization","@id":"https:\/\/www.xuexi-xibanyayu.com\/es\/#organization","name":"Xuexi Xibanyayu","url":"https:\/\/www.xuexi-xibanyayu.com\/es\/","sameAs":["https:\/\/www.instagram.com\/xuexixibanyayu\/"],"logo":{"@type":"ImageObject","inLanguage":"zh-Hans","@id":"https:\/\/www.xuexi-xibanyayu.com\/es\/#\/schema\/logo\/image\/","url":"https:\/\/www.xuexi-xibanyayu.com\/wp-content\/uploads\/2019\/02\/xuexi-xibanyayu-logo-300x76.png","contentUrl":"https:\/\/www.xuexi-xibanyayu.com\/wp-content\/uploads\/2019\/02\/xuexi-xibanyayu-logo-300x76.png","width":300,"height":76,"caption":"Xuexi Xibanyayu"},"image":{"@id":"https:\/\/www.xuexi-xibanyayu.com\/es\/#\/schema\/logo\/image\/"}},{"@type":"WebSite","@id":"https:\/\/www.xuexi-xibanyayu.com\/es\/#website","url":"https:\/\/www.xuexi-xibanyayu.com\/es\/","name":"Xuexi Xibanyayu","description":"Xuexi Xibanyayu - \u5b66\u4e60\u897f\u73ed\u7259\u8bed","publisher":{"@id":"https:\/\/www.xuexi-xibanyayu.com\/es\/#organization"},"potentialAction":[{"@type":"SearchAction","target":{"@type":"EntryPoint","urlTemplate":"https:\/\/www.xuexi-xibanyayu.com\/es\/?s={search_term_string}"},"query-input":"required name=search_term_string"}],"inLanguage":"zh-Hans"},{"@type":"WebPage","@id":"https:\/\/www.xuexi-xibanyayu.com\/zh-hans\/contact-us-zh#webpage","url":"https:\/\/www.xuexi-xibanyayu.com\/zh-hans\/contact-us-zh","name":"\u8054\u7cfb\u6211\u4eec - Xuexi Xibanyayu","isPartOf":{"@id":"https:\/\/www.xuexi-xibanyayu.com\/es\/#website"},"datePublished":"2018-12-31T15:01:13+00:00","dateModified":"2023-11-30T12:34:46+00:00","breadcrumb":{"@id":"https:\/\/www.xuexi-xibanyayu.com\/zh-hans\/contact-us-zh#breadcrumb"},"inLanguage":"zh-Hans","potentialAction":[{"@type":"ReadAction","target":["https:\/\/www.xuexi-xibanyayu.com\/zh-hans\/contact-us-zh"]}]},{"@type":"BreadcrumbList","@id":"https:\/\/www.xuexi-xibanyayu.com\/zh-hans\/contact-us-zh#breadcrumb","itemListElement":[{"@type":"ListItem","position":1,"name":"Portada","item":"https:\/\/www.xuexi-xibanyayu.com\/zh-hans"},{"@type":"ListItem","position":2,"name":"\u8054\u7cfb\u6211\u4eec"}]}]}},"_links":{"self":[{"href":"https:\/\/www.xuexi-xibanyayu.com\/zh-hans\/wp-json\/wp\/v2\/pages\/12965"}],"collection":[{"href":"https:\/\/www.xuexi-xibanyayu.com\/zh-hans\/wp-json\/wp\/v2\/pages"}],"about":[{"href":"https:\/\/www.xuexi-xibanyayu.com\/zh-hans\/wp-json\/wp\/v2\/types\/page"}],"author":[{"embeddable":true,"href":"https:\/\/www.xuexi-xibanyayu.com\/zh-hans\/wp-json\/wp\/v2\/users\/1"}],"replies":[{"embeddable":true,"href":"https:\/\/www.xuexi-xibanyayu.com\/zh-hans\/wp-json\/wp\/v2\/comments?post=12965"}],"version-history":[{"count":0,"href":"https:\/\/www.xuexi-xibanyayu.com\/zh-hans\/wp-json\/wp\/v2\/pages\/12965\/revisions"}],"wp:attachment":[{"href":"https:\/\/www.xuexi-xibanyayu.com\/zh-hans\/wp-json\/wp\/v2\/media?parent=12965"}],"curies":[{"name":"wp","href":"https:\/\/api.w.org\/{rel}","templated":true}]}}