{"id":34218,"date":"2020-09-16T18:49:19","date_gmt":"2020-09-16T16:49:19","guid":{"rendered":"https:\/\/www.xuexi-xibanyayu.com\/?page_id=34218"},"modified":"2021-05-14T16:09:58","modified_gmt":"2021-05-14T14:09:58","slug":"quieres-ser-profesor","status":"publish","type":"page","link":"https:\/\/www.xuexi-xibanyayu.com\/es\/quieres-ser-profesor","title":{"rendered":"\u00bfQuieres ser profesor?"},"content":{"rendered":"\t\t<div data-elementor-type=\"wp-page\" data-elementor-id=\"34218\" class=\"elementor elementor-34218\">\n\t\t\t\t\t\t\t\t\t<section class=\"elementor-section elementor-top-section elementor-element elementor-element-3757667 elementor-section-boxed elementor-section-height-default elementor-section-height-default\" data-id=\"3757667\" data-element_type=\"section\">\n\t\t\t\t\t\t<div class=\"elementor-container elementor-column-gap-default\">\n\t\t\t\t\t<div class=\"elementor-column elementor-col-100 elementor-top-column elementor-element elementor-element-71f68c0\" data-id=\"71f68c0\" data-element_type=\"column\">\n\t\t\t<div class=\"elementor-widget-wrap elementor-element-populated\">\n\t\t\t\t\t\t\t\t<div class=\"elementor-element elementor-element-1cc6883 elementor-widget elementor-widget-heading\" data-id=\"1cc6883\" data-element_type=\"widget\" data-widget_type=\"heading.default\">\n\t\t\t\t<div class=\"elementor-widget-container\">\n\t\t\t<h2 class=\"elementor-heading-title elementor-size-default\">\u00bfQuieres ser profesor?<\/h2>\t\t<\/div>\n\t\t\t\t<\/div>\n\t\t\t\t<div class=\"elementor-element elementor-element-84c5d6b elementor-widget elementor-widget-text-editor\" data-id=\"84c5d6b\" data-element_type=\"widget\" data-widget_type=\"text-editor.default\">\n\t\t\t\t<div class=\"elementor-widget-container\">\n\t\t\t\t\t\t\t<p>Rellena el siguiente formulario para ser nuestro profesor y te a\u00f1adiremos a nuestro calendario de reservas (en desarrollo).\u00a0<\/p>\t\t\t\t\t\t<\/div>\n\t\t\t\t<\/div>\n\t\t\t\t<div class=\"elementor-element elementor-element-ff43e6f elementor-button-align-start elementor-widget elementor-widget-form\" data-id=\"ff43e6f\" data-element_type=\"widget\" data-settings=\"{&quot;step_next_label&quot;:&quot;Next&quot;,&quot;step_previous_label&quot;:&quot;Previous&quot;,&quot;step_type&quot;:&quot;progress_bar&quot;,&quot;button_width&quot;:&quot;100&quot;}\" data-widget_type=\"form.default\">\n\t\t\t\t<div class=\"elementor-widget-container\">\n\t\t\t\t\t<form class=\"elementor-form\" method=\"post\" id=\"form-registro-profesor\" name=\"New Form\">\n\t\t\t<input type=\"hidden\" name=\"post_id\" value=\"34218\"\/>\n\t\t\t<input type=\"hidden\" name=\"form_id\" value=\"ff43e6f\"\/>\n\t\t\t<input type=\"hidden\" name=\"referer_title\" value=\"Xuexi Xibanyayu\" \/>\n\n\t\t\t\n\t\t\t<div class=\"elementor-form-fields-wrapper elementor-labels-above\">\n\t\t\t\t\t\t\t\t<div class=\"elementor-field-type-text elementor-field-group elementor-column elementor-field-group-name elementor-col-33 elementor-field-required elementor-mark-required\">\n\t\t\t\t\t\t\t\t\t\t\t\t<label for=\"form-field-name\" class=\"elementor-field-label\">\n\t\t\t\t\t\t\t\tNombre\t\t\t\t\t\t\t<\/label>\n\t\t\t\t\t\t\t\t\t\t\t\t\t\t<input size=\"1\" type=\"text\" name=\"form_fields[name]\" id=\"form-field-name\" class=\"elementor-field elementor-size-md  elementor-field-textual\" placeholder=\"Nombre\" required=\"required\" aria-required=\"true\">\n\t\t\t\t\t\t\t\t\t\t\t<\/div>\n\t\t\t\t\t\t\t\t<div class=\"elementor-field-type-text elementor-field-group elementor-column elementor-field-group-field_0ea9186 elementor-col-66 elementor-field-required elementor-mark-required\">\n\t\t\t\t\t\t\t\t\t\t\t\t<label for=\"form-field-field_0ea9186\" class=\"elementor-field-label\">\n\t\t\t\t\t\t\t\tApellidos\t\t\t\t\t\t\t<\/label>\n\t\t\t\t\t\t\t\t\t\t\t\t\t\t<input size=\"1\" type=\"text\" name=\"form_fields[field_0ea9186]\" id=\"form-field-field_0ea9186\" class=\"elementor-field elementor-size-md  elementor-field-textual\" placeholder=\"Apellidos\" required=\"required\" aria-required=\"true\">\n\t\t\t\t\t\t\t\t\t\t\t<\/div>\n\t\t\t\t\t\t\t\t<div class=\"elementor-field-type-email elementor-field-group elementor-column elementor-field-group-email elementor-col-33 elementor-field-required elementor-mark-required\">\n\t\t\t\t\t\t\t\t\t\t\t\t<label for=\"form-field-email\" class=\"elementor-field-label\">\n\t\t\t\t\t\t\t\tEmail\t\t\t\t\t\t\t<\/label>\n\t\t\t\t\t\t\t\t\t\t\t\t\t\t<input size=\"1\" type=\"email\" name=\"form_fields[email]\" id=\"form-field-email\" class=\"elementor-field elementor-size-md  elementor-field-textual\" placeholder=\"Email\" required=\"required\" aria-required=\"true\">\n\t\t\t\t\t\t\t\t\t\t\t<\/div>\n\t\t\t\t\t\t\t\t<div class=\"elementor-field-type-tel elementor-field-group elementor-column elementor-field-group-field_bae057d elementor-col-33 elementor-field-required elementor-mark-required\">\n\t\t\t\t\t\t\t\t\t\t\t\t<label for=\"form-field-field_bae057d\" class=\"elementor-field-label\">\n\t\t\t\t\t\t\t\tTel\u00e9fono\t\t\t\t\t\t\t<\/label>\n\t\t\t\t\t\t\t\t<input size=\"1\" type=\"tel\" name=\"form_fields[field_bae057d]\" id=\"form-field-field_bae057d\" class=\"elementor-field elementor-size-md  elementor-field-textual\" placeholder=\"Tel\u00e9fono\" required=\"required\" aria-required=\"true\" pattern=\"[0-9()#&amp;+*-=.]+\" title=\"Solo se aceptan n\u00fameros y caracteres de tel\u00e9fono (#,-,*,etc).\">\n\n\t\t\t\t\t\t<\/div>\n\t\t\t\t\t\t\t\t<div class=\"elementor-field-type-textarea elementor-field-group elementor-column elementor-field-group-field_9be876b elementor-col-100 elementor-field-required elementor-mark-required\">\n\t\t\t\t\t\t\t\t\t\t\t\t<label for=\"form-field-field_9be876b\" class=\"elementor-field-label\">\n\t\t\t\t\t\t\t\tDirecci\u00f3n\t\t\t\t\t\t\t<\/label>\n\t\t\t\t\t\t<textarea class=\"elementor-field-textual elementor-field  elementor-size-md\" name=\"form_fields[field_9be876b]\" id=\"form-field-field_9be876b\" rows=\"2\" placeholder=\"Direcci\u00f3n\" required=\"required\" aria-required=\"true\"><\/textarea>\t\t\t\t<\/div>\n\t\t\t\t\t\t\t\t<div class=\"elementor-field-type-text elementor-field-group elementor-column elementor-field-group-field_7ff3827 elementor-col-20 elementor-field-required elementor-mark-required\">\n\t\t\t\t\t\t\t\t\t\t\t\t<label for=\"form-field-field_7ff3827\" class=\"elementor-field-label\">\n\t\t\t\t\t\t\t\tC\u00f3digo Postal\t\t\t\t\t\t\t<\/label>\n\t\t\t\t\t\t\t\t\t\t\t\t\t\t<input size=\"1\" type=\"text\" name=\"form_fields[field_7ff3827]\" id=\"form-field-field_7ff3827\" class=\"elementor-field elementor-size-md  elementor-field-textual\" placeholder=\"C\u00f3digo Postal\" required=\"required\" aria-required=\"true\">\n\t\t\t\t\t\t\t\t\t\t\t<\/div>\n\t\t\t\t\t\t\t\t<div class=\"elementor-field-type-text elementor-field-group elementor-column elementor-field-group-field_7e31ead elementor-col-40 elementor-field-required elementor-mark-required\">\n\t\t\t\t\t\t\t\t\t\t\t\t<label for=\"form-field-field_7e31ead\" class=\"elementor-field-label\">\n\t\t\t\t\t\t\t\tLocalidad\t\t\t\t\t\t\t<\/label>\n\t\t\t\t\t\t\t\t\t\t\t\t\t\t<input size=\"1\" type=\"text\" name=\"form_fields[field_7e31ead]\" id=\"form-field-field_7e31ead\" class=\"elementor-field elementor-size-md  elementor-field-textual\" placeholder=\"Localidad\" required=\"required\" aria-required=\"true\">\n\t\t\t\t\t\t\t\t\t\t\t<\/div>\n\t\t\t\t\t\t\t\t<div class=\"elementor-field-type-text elementor-field-group elementor-column elementor-field-group-field_27f0934 elementor-col-40 elementor-field-required elementor-mark-required\">\n\t\t\t\t\t\t\t\t\t\t\t\t<label for=\"form-field-field_27f0934\" class=\"elementor-field-label\">\n\t\t\t\t\t\t\t\tPa\u00eds\t\t\t\t\t\t\t<\/label>\n\t\t\t\t\t\t\t\t\t\t\t\t\t\t<input size=\"1\" type=\"text\" name=\"form_fields[field_27f0934]\" id=\"form-field-field_27f0934\" class=\"elementor-field elementor-size-md  elementor-field-textual\" placeholder=\"Pa\u00eds\" required=\"required\" aria-required=\"true\">\n\t\t\t\t\t\t\t\t\t\t\t<\/div>\n\t\t\t\t\t\t\t\t<div class=\"elementor-field-type-textarea elementor-field-group elementor-column elementor-field-group-field_eb75acd elementor-col-100\">\n\t\t\t\t\t\t\t\t\t\t\t\t<label for=\"form-field-field_eb75acd\" class=\"elementor-field-label\">\n\t\t\t\t\t\t\t\tDescr\u00edbete\t\t\t\t\t\t\t<\/label>\n\t\t\t\t\t\t<textarea class=\"elementor-field-textual elementor-field  elementor-size-md\" name=\"form_fields[field_eb75acd]\" id=\"form-field-field_eb75acd\" rows=\"6\" placeholder=\"Explica por qu\u00e9 crees que los alumnos deben elegirte. Puedes explicar tu metodolog\u00eda, tu din\u00e1mica de clases y destacar tus mejores virtudes. Expl\u00edcalo en Espa\u00f1ol y Chino\"><\/textarea>\t\t\t\t<\/div>\n\t\t\t\t\t\t\t\t<div class=\"elementor-field-type-textarea elementor-field-group elementor-column elementor-field-group-field_facb45a elementor-col-100\">\n\t\t\t\t\t\t\t\t\t\t\t\t<label for=\"form-field-field_facb45a\" class=\"elementor-field-label\">\n\t\t\t\t\t\t\t\tExperiencia\t\t\t\t\t\t\t<\/label>\n\t\t\t\t\t\t<textarea class=\"elementor-field-textual elementor-field  elementor-size-md\" name=\"form_fields[field_facb45a]\" id=\"form-field-field_facb45a\" rows=\"6\" placeholder=\"Explica tu experiencia profesional y laboral. O los lugares en los que has impartido clases. Hazlo en Espa\u00f1ol y Chino\"><\/textarea>\t\t\t\t<\/div>\n\t\t\t\t\t\t\t\t<div class=\"elementor-field-type-html elementor-field-group elementor-column elementor-field-group-field_dc00253 elementor-col-100\">\n\t\t\t\t\t<img decoding=\"async\" src=\"\/wp-content\/uploads\/2018\/10\/DSCF5334.jpeg\" style=\"max-width: 300px; float: left; margin-right: 30px\"><\/img>\n<p><b>(FOTO DE EJEMPLO) Requisitos de la foto:<\/b><\/p>\n<ol>\n<li>Desde arriba de la cintura.<\/li>\n<li>El color del fondo debe ser liso y diferente al color de la piel o al color de la ropa.<\/li>\n<\/ol>\t\t\t\t<\/div>\n\t\t\t\t\t\t\t\t<div class=\"elementor-field-type-upload elementor-field-group elementor-column elementor-field-group-field_fad5909 elementor-col-100\">\n\t\t\t\t\t\t\t\t\t\t\t\t<label for=\"form-field-field_fad5909\" class=\"elementor-field-label\">\n\t\t\t\t\t\t\t\tSube tu foto\t\t\t\t\t\t\t<\/label>\n\t\t\t\t\t\t\t\t<input type=\"file\" name=\"form_fields[field_fad5909][]\" id=\"form-field-field_fad5909\" class=\"elementor-field elementor-size-md  elementor-upload-field\" multiple=\"multiple\" data-maxsize=\"10\" data-maxsize-message=\"Este archivo excede el tama\u00f1o m\u00e1ximo permitido.\">\n\n\t\t\t\t\t\t<\/div>\n\t\t\t\t\t\t\t\t<div class=\"elementor-field-type-textarea elementor-field-group elementor-column elementor-field-group-field_5ccf284 elementor-col-100\">\n\t\t\t\t\t\t\t\t\t\t\t\t<label for=\"form-field-field_5ccf284\" class=\"elementor-field-label\">\n\t\t\t\t\t\t\t\tHorario\t\t\t\t\t\t\t<\/label>\n\t\t\t\t\t\t<textarea class=\"elementor-field-textual elementor-field  elementor-size-md\" name=\"form_fields[field_5ccf284]\" id=\"form-field-field_5ccf284\" rows=\"4\" placeholder=\"Expl\u00edcanos tu horario de disponibilidad. Este horario ser\u00e1 el que se mostrar\u00e1 por defecto a los clientes para poder reservar. Por ejemplo: L-V: 08:30-14:00, MIERC: 16-20.\"><\/textarea>\t\t\t\t<\/div>\n\t\t\t\t\t\t\t\t<div class=\"elementor-field-type-textarea elementor-field-group elementor-column elementor-field-group-message elementor-col-100\">\n\t\t\t\t\t\t\t\t\t\t\t\t<label for=\"form-field-message\" class=\"elementor-field-label\">\n\t\t\t\t\t\t\t\tNotas\t\t\t\t\t\t\t<\/label>\n\t\t\t\t\t\t<textarea class=\"elementor-field-textual elementor-field  elementor-size-md\" name=\"form_fields[message]\" id=\"form-field-message\" rows=\"4\" placeholder=\"\u00bfAlg\u00fan comentario?\"><\/textarea>\t\t\t\t<\/div>\n\t\t\t\t\t\t\t\t<div class=\"elementor-field-group elementor-column elementor-field-type-submit elementor-col-100 e-form__buttons\">\n\t\t\t\t\t<button type=\"submit\" class=\"elementor-button elementor-size-sm\">\n\t\t\t\t\t\t<span >\n\t\t\t\t\t\t\t\t\t\t\t\t\t\t\t<span class=\"elementor-align-icon-left elementor-button-icon\">\n\t\t\t\t\t\t\t\t\t<i aria-hidden=\"true\" class=\"fas fa-chalkboard-teacher\"><\/i>\t\t\t\t\t\t\t\t\t\t\t\t\t\t\t\t\t<\/span>\n\t\t\t\t\t\t\t\t\t\t\t\t\t\t\t\t\t\t\t\t\t\t<span class=\"elementor-button-text\">Enviar<\/span>\n\t\t\t\t\t\t\t\t\t\t\t\t\t<\/span>\n\t\t\t\t\t<\/button>\n\t\t\t\t<\/div>\n\t\t\t<\/div>\n\t\t<\/form>\n\t\t\t\t<\/div>\n\t\t\t\t<\/div>\n\t\t\t\t\t<\/div>\n\t\t<\/div>\n\t\t\t\t\t\t\t<\/div>\n\t\t<\/section>\n\t\t\t\t\t\t\t<\/div>\n\t\t","protected":false},"excerpt":{"rendered":"<p>Rellena el siguiente formulario para ser nuestro profesor y te a\u00f1adiremos a nuestro calendario de reservas (en desarrollo).\u00a0<\/p>\n","protected":false},"author":1,"featured_media":0,"parent":0,"menu_order":0,"comment_status":"closed","ping_status":"closed","template":"elementor_header_footer","meta":{"site-sidebar-layout":"default","site-content-layout":"default","ast-global-header-display":"","ast-main-header-display":"","ast-hfb-above-header-display":"","ast-hfb-below-header-display":"","ast-hfb-mobile-header-display":"","site-post-title":"","ast-breadcrumbs-content":"","ast-featured-img":"","footer-sml-layout":"","theme-transparent-header-meta":"","adv-header-id-meta":"","stick-header-meta":"","header-above-stick-meta":"","header-main-stick-meta":"","header-below-stick-meta":"","footnotes":""},"yoast_head":"<!-- This site is optimized with the Yoast SEO plugin v19.0 - https:\/\/yoast.com\/wordpress\/plugins\/seo\/ -->\n<title>\u00bfQuieres ser profesor? - Xuexi Xibanyayu<\/title>\n<meta name=\"robots\" content=\"index, follow, max-snippet:-1, max-image-preview:large, max-video-preview:-1\" \/>\n<link rel=\"canonical\" href=\"https:\/\/www.xuexi-xibanyayu.com\/es\/quieres-ser-profesor\" \/>\n<meta property=\"og:locale\" content=\"es_ES\" \/>\n<meta property=\"og:type\" content=\"article\" \/>\n<meta property=\"og:title\" content=\"\u00bfQuieres ser profesor? - Xuexi Xibanyayu\" \/>\n<meta property=\"og:description\" content=\"Rellena el siguiente formulario para ser nuestro profesor y te a\u00f1adiremos a nuestro calendario de reservas (en desarrollo).\u00a0\" \/>\n<meta property=\"og:url\" content=\"https:\/\/www.xuexi-xibanyayu.com\/es\/quieres-ser-profesor\" \/>\n<meta property=\"og:site_name\" content=\"Xuexi Xibanyayu\" \/>\n<meta property=\"article:modified_time\" content=\"2021-05-14T14:09:58+00:00\" \/>\n<meta name=\"twitter:card\" content=\"summary_large_image\" \/>\n<script type=\"application\/ld+json\" class=\"yoast-schema-graph\">{\"@context\":\"https:\/\/schema.org\",\"@graph\":[{\"@type\":\"Organization\",\"@id\":\"https:\/\/www.xuexi-xibanyayu.com\/es\/#organization\",\"name\":\"Xuexi Xibanyayu\",\"url\":\"https:\/\/www.xuexi-xibanyayu.com\/es\/\",\"sameAs\":[\"https:\/\/www.instagram.com\/xuexixibanyayu\/\"],\"logo\":{\"@type\":\"ImageObject\",\"inLanguage\":\"es\",\"@id\":\"https:\/\/www.xuexi-xibanyayu.com\/es\/#\/schema\/logo\/image\/\",\"url\":\"https:\/\/www.xuexi-xibanyayu.com\/wp-content\/uploads\/2019\/02\/xuexi-xibanyayu-logo-300x76.png\",\"contentUrl\":\"https:\/\/www.xuexi-xibanyayu.com\/wp-content\/uploads\/2019\/02\/xuexi-xibanyayu-logo-300x76.png\",\"width\":300,\"height\":76,\"caption\":\"Xuexi Xibanyayu\"},\"image\":{\"@id\":\"https:\/\/www.xuexi-xibanyayu.com\/es\/#\/schema\/logo\/image\/\"}},{\"@type\":\"WebSite\",\"@id\":\"https:\/\/www.xuexi-xibanyayu.com\/es\/#website\",\"url\":\"https:\/\/www.xuexi-xibanyayu.com\/es\/\",\"name\":\"Xuexi Xibanyayu\",\"description\":\"Xuexi Xibanyayu - \u5b66\u4e60\u897f\u73ed\u7259\u8bed\",\"publisher\":{\"@id\":\"https:\/\/www.xuexi-xibanyayu.com\/es\/#organization\"},\"potentialAction\":[{\"@type\":\"SearchAction\",\"target\":{\"@type\":\"EntryPoint\",\"urlTemplate\":\"https:\/\/www.xuexi-xibanyayu.com\/es\/?s={search_term_string}\"},\"query-input\":\"required name=search_term_string\"}],\"inLanguage\":\"es\"},{\"@type\":\"WebPage\",\"@id\":\"https:\/\/www.xuexi-xibanyayu.com\/es\/quieres-ser-profesor#webpage\",\"url\":\"https:\/\/www.xuexi-xibanyayu.com\/es\/quieres-ser-profesor\",\"name\":\"\u00bfQuieres ser profesor? - Xuexi Xibanyayu\",\"isPartOf\":{\"@id\":\"https:\/\/www.xuexi-xibanyayu.com\/es\/#website\"},\"datePublished\":\"2020-09-16T16:49:19+00:00\",\"dateModified\":\"2021-05-14T14:09:58+00:00\",\"breadcrumb\":{\"@id\":\"https:\/\/www.xuexi-xibanyayu.com\/es\/quieres-ser-profesor#breadcrumb\"},\"inLanguage\":\"es\",\"potentialAction\":[{\"@type\":\"ReadAction\",\"target\":[\"https:\/\/www.xuexi-xibanyayu.com\/es\/quieres-ser-profesor\"]}]},{\"@type\":\"BreadcrumbList\",\"@id\":\"https:\/\/www.xuexi-xibanyayu.com\/es\/quieres-ser-profesor#breadcrumb\",\"itemListElement\":[{\"@type\":\"ListItem\",\"position\":1,\"name\":\"Portada\",\"item\":\"https:\/\/www.xuexi-xibanyayu.com\/es\"},{\"@type\":\"ListItem\",\"position\":2,\"name\":\"\u00bfQuieres ser profesor?\"}]}]}<\/script>\n<!-- \/ Yoast SEO plugin. -->","yoast_head_json":{"title":"\u00bfQuieres ser profesor? - Xuexi Xibanyayu","robots":{"index":"index","follow":"follow","max-snippet":"max-snippet:-1","max-image-preview":"max-image-preview:large","max-video-preview":"max-video-preview:-1"},"canonical":"https:\/\/www.xuexi-xibanyayu.com\/es\/quieres-ser-profesor","og_locale":"es_ES","og_type":"article","og_title":"\u00bfQuieres ser profesor? - Xuexi Xibanyayu","og_description":"Rellena el siguiente formulario para ser nuestro profesor y te a\u00f1adiremos a nuestro calendario de reservas (en desarrollo).\u00a0","og_url":"https:\/\/www.xuexi-xibanyayu.com\/es\/quieres-ser-profesor","og_site_name":"Xuexi Xibanyayu","article_modified_time":"2021-05-14T14:09:58+00:00","twitter_card":"summary_large_image","schema":{"@context":"https:\/\/schema.org","@graph":[{"@type":"Organization","@id":"https:\/\/www.xuexi-xibanyayu.com\/es\/#organization","name":"Xuexi Xibanyayu","url":"https:\/\/www.xuexi-xibanyayu.com\/es\/","sameAs":["https:\/\/www.instagram.com\/xuexixibanyayu\/"],"logo":{"@type":"ImageObject","inLanguage":"es","@id":"https:\/\/www.xuexi-xibanyayu.com\/es\/#\/schema\/logo\/image\/","url":"https:\/\/www.xuexi-xibanyayu.com\/wp-content\/uploads\/2019\/02\/xuexi-xibanyayu-logo-300x76.png","contentUrl":"https:\/\/www.xuexi-xibanyayu.com\/wp-content\/uploads\/2019\/02\/xuexi-xibanyayu-logo-300x76.png","width":300,"height":76,"caption":"Xuexi Xibanyayu"},"image":{"@id":"https:\/\/www.xuexi-xibanyayu.com\/es\/#\/schema\/logo\/image\/"}},{"@type":"WebSite","@id":"https:\/\/www.xuexi-xibanyayu.com\/es\/#website","url":"https:\/\/www.xuexi-xibanyayu.com\/es\/","name":"Xuexi Xibanyayu","description":"Xuexi Xibanyayu - \u5b66\u4e60\u897f\u73ed\u7259\u8bed","publisher":{"@id":"https:\/\/www.xuexi-xibanyayu.com\/es\/#organization"},"potentialAction":[{"@type":"SearchAction","target":{"@type":"EntryPoint","urlTemplate":"https:\/\/www.xuexi-xibanyayu.com\/es\/?s={search_term_string}"},"query-input":"required name=search_term_string"}],"inLanguage":"es"},{"@type":"WebPage","@id":"https:\/\/www.xuexi-xibanyayu.com\/es\/quieres-ser-profesor#webpage","url":"https:\/\/www.xuexi-xibanyayu.com\/es\/quieres-ser-profesor","name":"\u00bfQuieres ser profesor? - Xuexi Xibanyayu","isPartOf":{"@id":"https:\/\/www.xuexi-xibanyayu.com\/es\/#website"},"datePublished":"2020-09-16T16:49:19+00:00","dateModified":"2021-05-14T14:09:58+00:00","breadcrumb":{"@id":"https:\/\/www.xuexi-xibanyayu.com\/es\/quieres-ser-profesor#breadcrumb"},"inLanguage":"es","potentialAction":[{"@type":"ReadAction","target":["https:\/\/www.xuexi-xibanyayu.com\/es\/quieres-ser-profesor"]}]},{"@type":"BreadcrumbList","@id":"https:\/\/www.xuexi-xibanyayu.com\/es\/quieres-ser-profesor#breadcrumb","itemListElement":[{"@type":"ListItem","position":1,"name":"Portada","item":"https:\/\/www.xuexi-xibanyayu.com\/es"},{"@type":"ListItem","position":2,"name":"\u00bfQuieres ser profesor?"}]}]}},"_links":{"self":[{"href":"https:\/\/www.xuexi-xibanyayu.com\/es\/wp-json\/wp\/v2\/pages\/34218"}],"collection":[{"href":"https:\/\/www.xuexi-xibanyayu.com\/es\/wp-json\/wp\/v2\/pages"}],"about":[{"href":"https:\/\/www.xuexi-xibanyayu.com\/es\/wp-json\/wp\/v2\/types\/page"}],"author":[{"embeddable":true,"href":"https:\/\/www.xuexi-xibanyayu.com\/es\/wp-json\/wp\/v2\/users\/1"}],"replies":[{"embeddable":true,"href":"https:\/\/www.xuexi-xibanyayu.com\/es\/wp-json\/wp\/v2\/comments?post=34218"}],"version-history":[{"count":0,"href":"https:\/\/www.xuexi-xibanyayu.com\/es\/wp-json\/wp\/v2\/pages\/34218\/revisions"}],"wp:attachment":[{"href":"https:\/\/www.xuexi-xibanyayu.com\/es\/wp-json\/wp\/v2\/media?parent=34218"}],"curies":[{"name":"wp","href":"https:\/\/api.w.org\/{rel}","templated":true}]}}